{"id":1118,"date":"2024-10-08T08:11:43","date_gmt":"2024-10-08T08:11:43","guid":{"rendered":"https:\/\/demo.nuovaicona.it\/bresciaconfagricoltura\/?page_id=1118"},"modified":"2025-02-14T16:26:43","modified_gmt":"2025-02-14T16:26:43","slug":"cookie-policy","status":"publish","type":"page","link":"https:\/\/brescia.confagricoltura.it\/ita\/cookie-policy\/","title":{"rendered":"INFORMATIVA ESTESA SUI COOKIE"},"content":{"rendered":"<p>Questo sito utilizza cookie tecnici, analitici e di profilazione, anche di terze parti, necessari rispettivamente, a consentire alcune funzionalit\u00e0 fondamentali per il sito, ad effettuare misurazioni delle perfomances del sito stesso o a fornirti indicazioni promozionali in linea con i tuoi interessi.<\/p>\n<p>Per accettare, rifiutare o selezionale i cookie in base alle finalit\u00e0 o al servizio, utilizza i comandi presenti nel banner per la gestione dei cookie.<\/p>\n<p>In particolare, per sapere quali cookie vengono installati tramite il presente sito ed esprimere le tue preferenze a riguardo, seleziona il comando \u201cGestisci preferenze\u201d e scegli \u201cCategorie\u201d (ovvero \u201cfinalit\u00e0 dei cookie\u201d) oppure \u201cServizi\u201d.<\/p>\n<p>I cookies utilizzati in questo sito rientrano nelle categorie descritte di seguito.<\/p>\n<p>Cosa sono i cookies<\/p>\n<p>I cookies sono piccoli file di testo che vengono automaticamente posizionati sul PC del navigatore all&#8217;interno del browser. Essi contengono informazioni di base sulla navigazione in Internet e grazie al browser vengono riconosciuti ogni volta che l&#8217;utente visita il sito.<\/p>\n<p>Di seguito vengono forniti dettagli sui cookie installati da questo sito e indicazioni su come gestire le preferenze in merito ad essi.<\/p>\n<p>Gestione dei cookie<\/p>\n<p>1- Cookie tecnici<\/p>\n<p>I cookie tecnici descritti qui di seguito non richiedono consenso e pertanto vengono installati automaticamente a seguito dell&#8217;accesso al sito.<\/p>\n<p><b>&#8211; Cookie necessari al funzionamento:<\/b>\u00a0cookies che permettono al sito di funzionare correttamente anche consentendo all&#8217;utente di avere un&#8217;esperienza di navigazione funzionale. Ad esempio, mantengono l&#8217;utente collegato durante la navigazione evitando che il sito richieda di collegarsi pi\u00f9 volte per accedere alle pagine successive.<\/p>\n<p><b>&#8211; Cookie per il salvataggio delle preferenze:<\/b>\u00a0cookie che permettono di ricordare le preferenze selezionate dall&#8217;utente durante la navigazione, ad esempio, consentono di impostare la lingua.<\/p>\n<p><b>&#8211; Cookie statistici e di misurazione dell&#8217;audience:<\/b>\u00a0cookie che aiutano a capire, attraverso dati raccolti in forma anonima e aggregata, come gli utenti interagiscono con il sito internet fornendo informazioni relative alle sezioni visitate, il tempo trascorso sul sito, eventuali malfunzionamenti.<\/p>\n<p>Per esempio, in alcuni casi i cookie di Google Analytics utilizzati sa questo sito, sono stati resi anonimi e quindi sono equivalenti a cookie tecnici.<\/p>\n<p>2 &#8211; Cookie di terze parti<\/p>\n<p>Attraverso questo sito vengono installati anche cookie gestiti da terze parti.<\/p>\n<p>Per informazioni relative a questi cookie di terze parti e la gestione del consenso puoi utilizzare il comando \u201cGestisci preferenze\u201d del banner per la gestione dei cookie. Inoltre, accedendo alla pagina <a href=\"http:\/\/www.youronlinechoices.com\/it\/le-tue-scelte\" target=\"_blank\" rel=\"noopener\">http:\/\/www.youronlinechoices.com\/it\/le-tue-scelte<\/a> \u00e8 possibile informarsi sulla pubblicit\u00e0 comportamentale oltre che disattivare o attivare i cookie delle societ\u00e0 elencate che lavorano con i gestori dei siti web per raccogliere e utilizzare informazioni utili alla fruizione della pubblicit\u00e0.<\/p>\n<p>Di seguito vengono descritti i diversi tipi di cookie che le terze parti potrebbero rilasciare nel corso della navigazione sul presente sito.<\/p>\n<p>Cookie Statistici e di Misurazione dell&#8217;audience di terze parti<\/p>\n<p>Questi cookie forniscono informazioni anonime\/aggregate sul modo in cui i visitatori navigano sul sito. Per sapere quali sono questi cookie ed esprimere le tue preferenze a riguardo, puoi utilizzare il banner per la gestione dei cookie (utilizzando il comando \u201cGestisci preferenze\u201d).<\/p>\n<p>Cookie di social media sharing<\/p>\n<p>Questi cookie di terze parti &#8211; qualora presenti i collegamenti sul sito &#8211; vengono utilizzati per integrare alcune diffuse funzionalit\u00e0 dei principali social media e fornirle all&#8217;interno del sito. In particolare, permettono la registrazione e l&#8217;autenticazione sul sito tramite facebook e google connect, la condivisione e i commenti di pagine del sito sui social, abilitano le funzionalit\u00e0 del &#8220;mi piace&#8221; su Facebook e del &#8220;+1&#8221; su G+. Se presenti sul sito, questi cookie sono elencati all&#8217;interno banner per la gestione dei cookie. Per sapere quali sono questi cookie ed esprimere le tue preferenze a riguardo, puoi utilizzare il banner per la gestione dei cookie (utilizzando il comando \u201cGestisci preferenze\u201d).<\/p>\n<p>Cookie di remarketing<\/p>\n<p>Questi cookie di terza parte, quando presenti, consentono di mostrare annunci pubblicitari basati sugli interessi manifestati dagli utenti durante la navigazione online sui siti e le APP appartenenti al circuito della terza parte che ha rilasciato questi cookie. Per esempio, i cookie di remarketing utilizzati da questo sito possono essere quelli della Rete Display di Google e della piattaforma Audience Network di Facebook. Se presenti sul sito, questi cookie sono elencato all&#8217;interno del banner per la gestione dei cookie. Per sapere quali sono questi cookie ed esprimere le tue preferenze a riguardo, puoi utilizzare il banner per la gestione dei cookie (utilizzando il comando \u201cGestisci preferenze\u201d).<\/p>\n<p>3 &#8211; Ricordati che puoi gestire le tue preferenze sui cookie anche attraverso il browser<\/p>\n<p>Se si utilizza Internet Explorer<\/p>\n<p>In Internet Explorer, fare clic su &#8220;Strumenti&#8221; e selazionare &#8220;Opzioni Internet&#8221;. Nella scheda Privacy, spostare il cursore verso l&#8217;alto per bloccare tutti i cookie o verso il basso per consentire tutti i cookie, e quindi fare clic su OK.<\/p>\n<p>Se si utilizza il browser Firefox<\/p>\n<p>Scegliere il men\u00f9 &#8220;Strumenti&#8221; del browser e selezionare il menu &#8220;Opzioni&#8221;. Fare clic sulla scheda &#8220;Privacy&#8221;. Nell&#8217;elenco a discesa \u201cRegole di conservazione\u201d selezionare il livello desiderato. Spuntare la casella \u201cAccettare i cookie\u201d per attivare i cookie, o togliere la spunta per disattivarli. Scegliere per quanto tempo i cookie possono essere conservati.<\/p>\n<p>Se si utilizza il browser Safari<\/p>\n<p>Cliccare nel Men\u00f9 Safari, selezionare il menu &#8220;Modifica&#8221; e selezionare &#8220;Preferences&#8221;. Cliccare su &#8220;Privacy&#8221;. Posizionare l&#8217;impostazione &#8220;cookies Block&#8221; e fare clic su OK.<\/p>\n<p>Se si utilizza il browser Google Chrome<\/p>\n<p>Cliccare sul menu Chrome nella barra degli strumenti del browser. Selezionare &#8220;Impostazioni&#8221;. Cliccare su &#8220;Mostra impostazioni avanzate&#8221;. Nella sezione &#8220;Privacy&#8221;, cliccare su &#8220;Impostazioni contenuti&#8221;. Nella sezione &#8220;Cookies&#8221;, selezionare &#8220;Impedisci a tutti i siti di salvare i dati&#8221; e quindi fare clic su OK.<\/p>\n<p>Se usi un qualsiasi altro browser o non conosci il tipo e versione di browser che stai utilizzando, clicca \u201cAiuto\u201d nella finestra del browser in alto, da cui puoi accedere a tutte le informazioni necessarie.<\/p>\n","protected":false},"excerpt":{"rendered":"<p>Questo sito utilizza cookie tecnici, analitici e di profilazione, anche di terze parti, necessari rispettivamente, a consentire alcune funzionalit\u00e0 fondamentali per il sito, ad effettuare misurazioni delle perfomances del sito stesso o a fornirti indicazioni promozionali in linea con i tuoi interessi. Per accettare, rifiutare o selezionale i cookie in base alle finalit\u00e0 o al <a href=\"https:\/\/brescia.confagricoltura.it\/ita\/cookie-policy\/\" class=\"more-link\">&#8230;<span class=\"screen-reader-text\">  INFORMATIVA ESTESA SUI COOKIE<\/span><\/a><\/p>\n","protected":false},"author":3,"featured_media":0,"parent":0,"menu_order":0,"comment_status":"closed","ping_status":"closed","template":"","meta":{"_acf_changed":false,"footnotes":""},"class_list":["post-1118","page","type-page","status-publish","hentry"],"acf":[],"_links":{"self":[{"href":"https:\/\/brescia.confagricoltura.it\/ita\/wp-json\/wp\/v2\/pages\/1118","targetHints":{"allow":["GET"]}}],"collection":[{"href":"https:\/\/brescia.confagricoltura.it\/ita\/wp-json\/wp\/v2\/pages"}],"about":[{"href":"https:\/\/brescia.confagricoltura.it\/ita\/wp-json\/wp\/v2\/types\/page"}],"author":[{"embeddable":true,"href":"https:\/\/brescia.confagricoltura.it\/ita\/wp-json\/wp\/v2\/users\/3"}],"replies":[{"embeddable":true,"href":"https:\/\/brescia.confagricoltura.it\/ita\/wp-json\/wp\/v2\/comments?post=1118"}],"version-history":[{"count":2,"href":"https:\/\/brescia.confagricoltura.it\/ita\/wp-json\/wp\/v2\/pages\/1118\/revisions"}],"predecessor-version":[{"id":4806,"href":"https:\/\/brescia.confagricoltura.it\/ita\/wp-json\/wp\/v2\/pages\/1118\/revisions\/4806"}],"wp:attachment":[{"href":"https:\/\/brescia.confagricoltura.it\/ita\/wp-json\/wp\/v2\/media?parent=1118"}],"curies":[{"name":"wp","href":"https:\/\/api.w.org\/{rel}","templated":true}]}}