{"id":1128,"date":"2024-10-11T16:56:39","date_gmt":"2024-10-11T16:56:39","guid":{"rendered":"https:\/\/demo.nuovaicona.it\/bresciaconfagricoltura\/?page_id=1128"},"modified":"2026-03-25T08:59:35","modified_gmt":"2026-03-25T08:59:35","slug":"la-struttura","status":"publish","type":"page","link":"https:\/\/brescia.confagricoltura.it\/ita\/la-struttura\/","title":{"rendered":"La Struttura"},"content":{"rendered":"<p class=\"p1\">L\u2019Unione Provinciale Agricoltori &#8211; Confagricoltura Brescia \u00e8 l\u2019organismo di rappresentanza e tutela dell\u2019impresa agricola bresciana.<\/p>\n<p class=\"p1\">Per promuovere, assistere e coordinare gli interessi delle singole categorie professionali associate, l\u2019Unione si articola nei <b>sindacati provinciali di categoria <\/b>e nelle<b> <a href=\"https:\/\/brescia.confagricoltura.it\/ita\/le-sezioni-economiche\/\">sezioni economiche di prodotto<\/a>.<span class=\"Apple-converted-space\">\u00a0<\/span><\/b><\/p>\n<p class=\"p1\"><b>I sindacati provinciali di categoria<\/b> inquadrano le imprese associate secondo le forme di conduzione in:<\/p>\n<ul>\n<li class=\"p1\"><b><a href=\"https:\/\/brescia.confagricoltura.it\/ita\/sindacato-provinciale-dei-proprietari-conduttori\/\">Sindacato provinciale dei proprietari conduttori<\/a><span class=\"Apple-converted-space\">\u00a0<\/span><\/b><\/li>\n<li class=\"p1\"><a href=\"https:\/\/brescia.confagricoltura.it\/ita\/sindacato-provinciale-degli-affittuari-conduttori\/\"><b>Sindacato provinciale degli affittuari conduttori<\/b><\/a><\/li>\n<li class=\"p1\"><a href=\"https:\/\/brescia.confagricoltura.it\/ita\/sindacato-provinciale-dei-coltivatori-diretti-e-dellimpresa-agricola-familiare\/\"><b>Sindacato provinciale dei coltivatori diretti e dell\u2019impresa agricola familiare<\/b><\/a><\/li>\n<li class=\"p1\"><a href=\"https:\/\/brescia.confagricoltura.it\/ita\/sindacato-provinciale-dei-proprietari-terreni-affittati\/\"><b>Sindacato provinciale dei proprietari terreni affittati<span class=\"Apple-converted-space\">\u00a0<\/span><\/b><\/a><\/li>\n<\/ul>\n<p class=\"p1\">Le <b>sezioni economiche di prodotto<\/b> inquadrano le imprese associate secondo specifici settori e comparti produttivi.<\/p>\n<p class=\"p2\">Fanno inoltre parte dell\u2019Unione:<\/p>\n<ul class=\"ul1\">\n<li class=\"li2\">La sezione provinciale dell\u2019associazione <a href=\"https:\/\/brescia.confagricoltura.it\/ita\/anga\/\"><b>ANGA<\/b><\/a><span class=\"Apple-converted-space\"> che r<\/span>appresenta i giovani imprenditori agricoli aderenti a Confagricoltura contribuendo, con la sua azione di lobby, ai processi decisionali in materia di politiche giovanili in agricoltura a tutti i livelli, nazionale e comunitario. \u00c8 membro permanente, a Bruxelles, del Consiglio Europeo dei Giovani Agricoltori &#8211; CEJA.<\/li>\n<\/ul>\n<ul class=\"ul1\">\n<li class=\"li2\">La sezione provinciale dell\u2019Associazione <b><a href=\"https:\/\/brescia.confagricoltura.it\/ita\/anpa\/\">ANPA<\/a> <\/b><span class=\"Apple-converted-space\">che <\/span>tutela, a livello locale, nazionale ed europeo, gli interessi materiali e morali degli associati pensionati coltivatori diretti, imprenditori agricoli a titolo principale e di tutti i pensionati che si riconoscono negli obiettivi dell\u2019Associazione.<\/li>\n<\/ul>\n<ul class=\"ul1\">\n<li class=\"li2\">La sezione provinciale dell\u2019Associazione <b>Confagricoltura Donna<\/b><span class=\"Apple-converted-space\"> che <\/span>riunisce le imprenditrici del sistema confederale con l\u2019obiettivo di favorire lo sviluppo dell\u2019imprenditoria femminile e delle pari opportunit\u00e0 nel settore agricolo e, pi\u00f9 in generale, nella societ\u00e0 ed in economia.<\/li>\n<\/ul>\n","protected":false},"excerpt":{"rendered":"<p>L\u2019Unione Provinciale Agricoltori &#8211; Confagricoltura Brescia \u00e8 l\u2019organismo di rappresentanza e tutela dell\u2019impresa agricola bresciana. Per promuovere, assistere e coordinare gli interessi delle singole categorie professionali associate, l\u2019Unione si articola nei sindacati provinciali di categoria e nelle sezioni economiche di prodotto.\u00a0 I sindacati provinciali di categoria inquadrano le imprese associate secondo le forme di conduzione <a href=\"https:\/\/brescia.confagricoltura.it\/ita\/la-struttura\/\" class=\"more-link\">&#8230;<span class=\"screen-reader-text\">  La Struttura<\/span><\/a><\/p>\n","protected":false},"author":3,"featured_media":4965,"parent":0,"menu_order":0,"comment_status":"closed","ping_status":"closed","template":"page-chi.php","meta":{"_acf_changed":false,"footnotes":""},"class_list":["post-1128","page","type-page","status-publish","has-post-thumbnail","hentry"],"acf":[],"_links":{"self":[{"href":"https:\/\/brescia.confagricoltura.it\/ita\/wp-json\/wp\/v2\/pages\/1128","targetHints":{"allow":["GET"]}}],"collection":[{"href":"https:\/\/brescia.confagricoltura.it\/ita\/wp-json\/wp\/v2\/pages"}],"about":[{"href":"https:\/\/brescia.confagricoltura.it\/ita\/wp-json\/wp\/v2\/types\/page"}],"author":[{"embeddable":true,"href":"https:\/\/brescia.confagricoltura.it\/ita\/wp-json\/wp\/v2\/users\/3"}],"replies":[{"embeddable":true,"href":"https:\/\/brescia.confagricoltura.it\/ita\/wp-json\/wp\/v2\/comments?post=1128"}],"version-history":[{"count":15,"href":"https:\/\/brescia.confagricoltura.it\/ita\/wp-json\/wp\/v2\/pages\/1128\/revisions"}],"predecessor-version":[{"id":7668,"href":"https:\/\/brescia.confagricoltura.it\/ita\/wp-json\/wp\/v2\/pages\/1128\/revisions\/7668"}],"wp:featuredmedia":[{"embeddable":true,"href":"https:\/\/brescia.confagricoltura.it\/ita\/wp-json\/wp\/v2\/media\/4965"}],"wp:attachment":[{"href":"https:\/\/brescia.confagricoltura.it\/ita\/wp-json\/wp\/v2\/media?parent=1128"}],"curies":[{"name":"wp","href":"https:\/\/api.w.org\/{rel}","templated":true}]}}