{"id":1245,"date":"2024-11-05T10:44:55","date_gmt":"2024-11-05T10:44:55","guid":{"rendered":"https:\/\/demo.nuovaicona.it\/bresciaconfagricoltura\/?page_id=1245"},"modified":"2024-11-05T10:44:55","modified_gmt":"2024-11-05T10:44:55","slug":"informativa-curriculum","status":"publish","type":"page","link":"https:\/\/brescia.confagricoltura.it\/ita\/la-privacy-policy-di-questo-sito\/informativa-curriculum\/","title":{"rendered":"Informativa Curriculum"},"content":{"rendered":"<p class=\"p1\"><b>INFORMATIVA SUL TRATTAMENTO DEI DATI PERSONALI<br \/>\nREGOLAMENTO EUROPEO (UE) 679\/2016 (GENERAL DATA PROTECTION REGULATION, GDPR) PER INVIO C.V.<\/b><\/p>\n<p class=\"p3\">Ai sensi dell\u2019artt. 13 e 14 del Regolamento UE n. 679\/2016 (\u201cGDPR\u201d) e della successiva normativa nazionale di adeguamento (congiuntamente al GDPR \u201cNormativa Privacy Applicabile\u201d) Unione Provinciale Agricoltori \u2013 Confagricoltura Brescia, in qualit\u00e0 di Titolare del trattamento (di seguito anche \u201cTitolare\u201d), Le fornisce le seguenti informazioni:<\/p>\n<p class=\"p3\"><b>1. Tipologia di dati trattati<\/b><\/p>\n<p class=\"p3\">Accedendo all\u2019area Lavora Con Noi del sito ufficiale di Unione Provinciale Agricoltori \u2013 Confagricoltura Brescia, Le verranno richieste le seguenti informazioni:<\/p>\n<ul class=\"ul1\">\n<li class=\"li3\">dati anagrafici (nome, cognome, indirizzo email, codice fiscale);<\/li>\n<li class=\"li3\">indirizzo di domicilio o di residenza;<\/li>\n<li class=\"li3\">numero di telefono;<\/li>\n<li class=\"li3\">l\u2019area di lavoro per la quale si candida.<\/li>\n<\/ul>\n<p class=\"p3\">se lo ritiene puo\u2019 allegare il Suo C.V nel qual caso le chiediamo di inserire nel CV solo i dati necessari a valutare il Suo profilo e di astenersi dall\u2019indicare categorie particolari di dati quali, ad esempio, quelli relativi allo stato di salute, alle convinzioni religiose o alle opinioni politiche.<\/p>\n<p class=\"p3\"><b>2. Finalit\u00e0, base giuridica e natura del conferimento<\/b><\/p>\n<p class=\"p3\">Gestire la procedura di ricerca e selezione del personale, valutare i profili professionali di interesse che emergono dai curricula vitae inviati, gestire tutte le fasi connesse alla selezione dei candidati (comunicazioni, colloqui e interviste valutative) e comunque alla valutazione delle candidature.<\/p>\n<p class=\"p3\">La base giuridica del trattamento \u00e8 rinvenibile nell\u2019art. 6 p.1 lett. F) GDPR \u201c<i>il trattamento \u00e8 necessario per il conseguimento di un legittimo interesse del titolare o di un terzo<\/i>\u201d.<\/p>\n<p class=\"p3\">Il consenso dell\u2019interessato \u00e8 espresso dal conferimento del tutto volontario del CV a mezzo della sezione dedicato sul sito Web del Titolare.<\/p>\n<p class=\"p3\"><b><i>3. Conservazione dei dati personali<\/i><\/b><\/p>\n<p class=\"p3\">I dati personali forniti saranno conservati in archivi informatici e cartacei gestiti dal Titolare ovvero da Responsabili al trattamento nominati e debitamente formati.<\/p>\n<p class=\"p3\">Il titolare garantisce l\u2019osservanza di tutte le misure di sicurezza e di tutte le cautele imposte dalla normativa vigente in materia di protezione dei dati personali.<\/p>\n<p class=\"p3\">Il Titolare tratter\u00e0 i dati personali per il tempo necessario per adempiere alle finalit\u00e0 per cui sono stati raccolti e comunque non oltre 12 mesi dalla raccolta per le finalit\u00e0 indicate, dopo di che il Titolare, anche mediante soggetti autorizzati, proceder\u00e0 ad eliminare il CV.<\/p>\n<p class=\"p3\"><b><i>4. Destinatari dei dati personali<\/i><\/b><\/p>\n<p class=\"p3\">I Suoi dati personali saranno trattati da dipendenti e collaboratori di Unione Provinciale Agricoltori- Confagricoltura Brescia debitamente incaricati e istruiti circa le cautele da adottare alla luce della Normativa Privacy applicabile, e potranno essere comunicati a soggetti terzi, nominati responsabili del trattamento, che forniscono servizi accessori o strumentali all&#8217;attivit\u00e0 di Unione Provinciale Agricoltori \u2013 Confagricoltura Brescia (es. che si occupano della gestione e\/o manutenzione del sito e\/o del software gestionale delle candidature).<\/p>\n<p class=\"p3\"><b>5. Comunicazione e Diffusione dei Dati Personali<span class=\"Apple-converted-space\">\u00a0<\/span><\/b><\/p>\n<p class=\"p3\">I suoi dati personali non saranno oggetto di diffusione e non saranno comunicati a terzi salvo i casi indicati di seguito:<\/p>\n<ol class=\"ol1\">\n<li class=\"li3\">al personale incaricato della selezione del personale;<\/li>\n<li class=\"li3\">a consulenti o societ\u00e0 esterne che svolgono per conto di Unione Provinciale Agricoltori attivit\u00e0 di selezione del personale;<\/li>\n<li class=\"li3\">a consulenti o societ\u00e0 esterne che si occupano della gestione\/manutenzione del sito.<\/li>\n<\/ol>\n<p class=\"p3\">Non \u00e8 prevista la comunicazione dei suoi dati a paesi della UE ed extra UE.<\/p>\n<p class=\"p3\">I dati personali non sono oggetto di diffusione.<\/p>\n<p class=\"p3\"><b>6. Facoltativit\u00e0 del consenso<\/b><\/p>\n<p class=\"p3\">La informiamo che, nel caso di CV inviato spontaneamente dall\u2019interessato, il conferimento dei dati \u00e8 necessario per le finalit\u00e0 indicate e per lo scopo di valutazione e selezione delle candidature non \u00e8 obbligatorio acquisire alcun consenso.<\/p>\n<p class=\"p3\"><b><i>7. Diritti degli interessati<\/i><\/b><\/p>\n<p class=\"p4\">La informiamo che inviando una richiesta scritta <span class=\"s2\">diritti mediante raccomandata a.r. indirizzata a Unione Provinciale Agricoltori Via Creta nr 50 oppure a mezzo PEC all\u2019indirizzo <a href=\"mailto:UPABS@LEGALMAIL.IT\"><span class=\"s3\">UPABS@LEGALMAIL.IT<\/span><\/a>,<\/span> Lei potr\u00e0 esercitare \u2013 ove ne ricorrano i presupposti &#8211; i diritti riconosciuti dalla Normativa Privacy Applicabile inclusi quello di:<\/p>\n<ol class=\"ol2\">\n<li class=\"li3\">ottenere conferma che sia o meno in corso un trattamento di dati personali che La riguardano e, in tal caso, ottenere l\u2019accesso ai propri dati personali &#8211; compresa una copia degli stessi &#8211; e la comunicazione, tra le altre, delle seguenti informazioni: finalit\u00e0 del trattamento, categorie di dati personali trattati, destinatari cui questi sono stati o saranno comunicati, periodo di conservazione dei dati, (diritto di accesso &#8211; articolo 15 del GDPR);<span class=\"Apple-converted-space\">\u00a0<\/span><\/li>\n<li class=\"li3\">ottenere, senza ingiustificato ritardo, la rettifica dei dati personali inesatti che La riguardano e\/o l\u2019integrazione dei dati personali incompleti (diritto di rettifica &#8211; articolo 16 del GDPR);<span class=\"Apple-converted-space\">\u00a0<\/span><\/li>\n<li class=\"li3\">ottenere, senza ingiustificato ritardo, la cancellazione dei dati personali che La riguardano (diritto alla cancellazione &#8211; articolo 17 del GDPR);<span class=\"Apple-converted-space\">\u00a0<\/span><\/li>\n<li class=\"li3\">ottenere la limitazione del trattamento (diritto di limitazione di trattamento &#8211; articolo 18 del GDPR);<span class=\"Apple-converted-space\">\u00a0<\/span><\/li>\n<li class=\"li3\">ricevere in un formato strutturato, di uso comune e leggibile da un dispositivo automatico, i dati personali che La riguardano, trasmetterli a un altro titolare senza impedimenti e, ove tecnicamente fattibile, ottenere che i propri dati personali siano trasmessi direttamente da Prometeia ad altro titolare, qualora il trattamento si basi sul consenso e sia effettuato con mezzi automatizzati (diritto alla portabilit\u00e0 dei dati &#8211; articolo 20 del GDPR);<\/li>\n<li class=\"li3\">proporre reclamo all\u2019Autorit\u00e0 Garante per la protezione dei dati personali (www.garanteprivacy.it) o all\u2019Autorit\u00e0 Giudiziaria.<\/li>\n<\/ol>\n<p class=\"p3\">Inoltre, Lei potr\u00e0 opporsi al trattamento basato sul legittimo interesse del Titolare in qualsiasi momento, per motivi connessi alla propria situazione (diritto di opposizione &#8211; articolo 21 del GDPR).<span class=\"Apple-converted-space\">\u00a0<\/span><\/p>\n<p class=\"p3\">In caso di esercizio da parte Sua di tale diritto, Unione Provinciale Agricoltori \u2013 Confagricoltura Brescia si asterr\u00e0 dal trattare ulteriormente i Suoi dati personali, a condizione che non sussistano motivi legittimi cogenti per procedere comunque al trattamento.<\/p>\n<p class=\"p3\">Unione Provinciale Agricoltori Confagricoltura Brescia<span class=\"Apple-converted-space\">\u00a0 <\/span>ha inoltre provveduto alla nomina del proprio Responsabile della Protezione dei Dati Personali (\u201cDPO\u201d) che pu\u00f2 essere contattato presso l\u2019indirizzo del Titolare del trattamento sopra indicato oppure inviando una mail a\u00a0<a href=\"mailto:dpo@confagricolturabrescia.it\"><span class=\"s4\">dpo@confagricolturabrescia.it<\/span><\/a>.<\/p>\n<p class=\"p3\">Il Titolare<\/p>\n","protected":false},"excerpt":{"rendered":"<p>INFORMATIVA SUL TRATTAMENTO DEI DATI PERSONALI REGOLAMENTO EUROPEO (UE) 679\/2016 (GENERAL DATA PROTECTION REGULATION, GDPR) PER INVIO C.V. Ai sensi dell\u2019artt. 13 e 14 del Regolamento UE n. 679\/2016 (\u201cGDPR\u201d) e della successiva normativa nazionale di adeguamento (congiuntamente al GDPR \u201cNormativa Privacy Applicabile\u201d) Unione Provinciale Agricoltori \u2013 Confagricoltura Brescia, in qualit\u00e0 di Titolare del trattamento <a href=\"https:\/\/brescia.confagricoltura.it\/ita\/la-privacy-policy-di-questo-sito\/informativa-curriculum\/\" class=\"more-link\">&#8230;<span class=\"screen-reader-text\">  Informativa Curriculum<\/span><\/a><\/p>\n","protected":false},"author":3,"featured_media":0,"parent":1112,"menu_order":0,"comment_status":"closed","ping_status":"closed","template":"","meta":{"_acf_changed":false,"footnotes":""},"class_list":["post-1245","page","type-page","status-publish","hentry"],"acf":[],"_links":{"self":[{"href":"https:\/\/brescia.confagricoltura.it\/ita\/wp-json\/wp\/v2\/pages\/1245","targetHints":{"allow":["GET"]}}],"collection":[{"href":"https:\/\/brescia.confagricoltura.it\/ita\/wp-json\/wp\/v2\/pages"}],"about":[{"href":"https:\/\/brescia.confagricoltura.it\/ita\/wp-json\/wp\/v2\/types\/page"}],"author":[{"embeddable":true,"href":"https:\/\/brescia.confagricoltura.it\/ita\/wp-json\/wp\/v2\/users\/3"}],"replies":[{"embeddable":true,"href":"https:\/\/brescia.confagricoltura.it\/ita\/wp-json\/wp\/v2\/comments?post=1245"}],"version-history":[{"count":1,"href":"https:\/\/brescia.confagricoltura.it\/ita\/wp-json\/wp\/v2\/pages\/1245\/revisions"}],"predecessor-version":[{"id":1246,"href":"https:\/\/brescia.confagricoltura.it\/ita\/wp-json\/wp\/v2\/pages\/1245\/revisions\/1246"}],"up":[{"embeddable":true,"href":"https:\/\/brescia.confagricoltura.it\/ita\/wp-json\/wp\/v2\/pages\/1112"}],"wp:attachment":[{"href":"https:\/\/brescia.confagricoltura.it\/ita\/wp-json\/wp\/v2\/media?parent=1245"}],"curies":[{"name":"wp","href":"https:\/\/api.w.org\/{rel}","templated":true}]}}